{"id":101,"date":"2026-04-14T20:25:12","date_gmt":"2026-04-14T20:25:12","guid":{"rendered":"https:\/\/mariecarnage.com\/?page_id=101"},"modified":"2026-04-14T22:32:35","modified_gmt":"2026-04-14T22:32:35","slug":"biographie","status":"publish","type":"page","link":"https:\/\/mariecarnage.com\/?page_id=101","title":{"rendered":"Biographie"},"content":{"rendered":"<div data-colibri-id=\"101-c1\" class=\"style-318 style-local-101-c1 position-relative\">\n  <!---->\n  <div data-colibri-component=\"section\" data-colibri-id=\"101-c2\" id=\"custom\" class=\"h-section h-section-global-spacing d-flex align-items-lg-center align-items-md-center align-items-center style-319 style-local-101-c2 position-relative\">\n    <!---->\n    <!---->\n    <div class=\"h-section-grid-container h-section-boxed-container\">\n      <!---->\n      <div data-colibri-id=\"101-c3\" class=\"h-row-container gutters-row-lg-2 gutters-row-md-2 gutters-row-0 gutters-row-v-lg-2 gutters-row-v-md-2 gutters-row-v-2 style-320 style-local-101-c3 position-relative\">\n        <!---->\n        <div class=\"h-row justify-content-lg-center justify-content-md-center justify-content-center align-items-lg-stretch align-items-md-stretch align-items-stretch gutters-col-lg-2 gutters-col-md-2 gutters-col-0 gutters-col-v-lg-2 gutters-col-v-md-2 gutters-col-v-2\">\n          <!---->\n          <div class=\"h-column h-column-container d-flex h-col-lg-auto h-col-md-auto h-col-auto style-321-outer style-local-101-c4-outer\">\n            <div data-colibri-id=\"101-c4\" class=\"d-flex h-flex-basis h-column__inner h-px-lg-2 h-px-md-2 h-px-2 v-inner-lg-2 v-inner-md-2 v-inner-2 style-321 style-local-101-c4 position-relative\">\n              <!---->\n              <!---->\n              <div class=\"w-100 h-y-container h-column__content h-column__v-align flex-basis-100 align-self-lg-start align-self-md-start align-self-start\">\n                <!---->\n                <div data-colibri-id=\"101-c5\" class=\"h-global-transition-all h-heading style-325 style-local-101-c5 position-relative h-element\">\n                  <!---->\n                  <div class=\"h-heading__outer style-325 style-local-101-c5\">\n                    <!---->\n                    <!---->\n                    <h2 class=\"\">Coline Fourment &#8211; chant<\/h2>\n                  <\/div>\n                <\/div>\n                <div data-colibri-id=\"101-c6\" class=\"h-text h-text-component style-323 style-local-101-c6 position-relative h-element\">\n                  <!---->\n                  <!---->\n                  <div class=\"\">\n                    <p>Coline Fourment a eu tout d\u2019abord une formation musicale classique. \u00catre \u00e9l\u00e8ve \u00e0 la ma\u00eetrise des Bouches-du-Rh\u00f4ne lui a permis d\u2019avoir en plus des bases techniques une approche de la sc\u00e8ne. Assez jeune elle int\u00e8gre le groupe de chants\n                      jud\u00e9o-espagnols de femmes, les Bilbilikas cr\u00e9\u00e9 par la chanteuse Fran\u00e7oise Atlan. Plus tard Coline obtient son master en acoustique et musicologie avec comme sujet de m\u00e9moire la chanteuse Abbey Lincoln, tout en suivant des cours au\n                      conservatoire d\u2019Aix-en-Provence et Marseille en jazz, musiques actuelles et chanson fran\u00e7aise. Durant cette p\u00e9riode elle a rencontr\u00e9 divers musiciens inspirants et peut d\u00e9sormais s&rsquo;\u00e9panouir dans la cr\u00e9ation et l\u2019interpr\u00e9tation dans\n                      ses divers groupes; Medusa, Chim\u00e8re, Kind of Triolet, le Big Band de pertuis et Marie Carnage.<\/p>\n                    <p>Aujourd`hui Coline suit des cours de musiques anciennes au conservatoire Darius Milhaud avec la professeure Monique Zanetti. Tout en continuant de composer pour son projet Chim\u00e8re et jouer dans ses groupes.<\/p>\n                  <\/div>\n                <\/div>\n              <\/div>\n            <\/div>\n          <\/div>\n          <div class=\"h-column h-column-container d-flex h-col-lg-auto h-col-md-auto h-col-auto style-322-outer style-local-101-c7-outer\">\n            <div data-colibri-id=\"101-c7\" class=\"d-flex h-flex-basis h-column__inner h-px-lg-2 h-px-md-2 h-px-2 v-inner-lg-2 v-inner-md-2 v-inner-2 style-322 style-local-101-c7 position-relative\">\n              <!---->\n              <!---->\n              <div class=\"w-100 h-y-container h-column__content h-column__v-align flex-basis-100 align-self-lg-start align-self-md-start align-self-start\">\n                <!---->\n                <div data-colibri-id=\"101-c8\" class=\"d-block style-324 style-local-101-c8 position-relative h-element\">\n                  <!---->\n                  <div class=\"h-image__frame-container-outer\">\n                    <div class=\"h-image__frame-container\">\n                      <!---->\n                      <!---->\n                      <img fetchpriority=\"high\" decoding=\"async\" width=\"1703\" height=\"2556\" src=\"https:\/\/mariecarnage.com\/wp-content\/uploads\/2026\/04\/cropped-portrait-Coline-Fourment-scaled-1.jpg\" class=\"wp-image-110 style-324-image style-local-101-c8-image\" alt=\"\" srcset=\"https:\/\/mariecarnage.com\/wp-content\/uploads\/2026\/04\/cropped-portrait-Coline-Fourment-scaled-1.jpg 1703w, https:\/\/mariecarnage.com\/wp-content\/uploads\/2026\/04\/cropped-portrait-Coline-Fourment-scaled-1-200x300.jpg 200w, https:\/\/mariecarnage.com\/wp-content\/uploads\/2026\/04\/cropped-portrait-Coline-Fourment-scaled-1-682x1024.jpg 682w, https:\/\/mariecarnage.com\/wp-content\/uploads\/2026\/04\/cropped-portrait-Coline-Fourment-scaled-1-768x1153.jpg 768w, https:\/\/mariecarnage.com\/wp-content\/uploads\/2026\/04\/cropped-portrait-Coline-Fourment-scaled-1-1023x1536.jpg 1023w, https:\/\/mariecarnage.com\/wp-content\/uploads\/2026\/04\/cropped-portrait-Coline-Fourment-scaled-1-1365x2048.jpg 1365w\" sizes=\"(max-width: 1703px) 100vw, 1703px\" \/>\n                      <div class=\"h-image__frame h-hide-lg h-hide-md h-hide-sm style-324-frameImage style-local-101-c8-frameImage\"><\/div>\n                    <\/div>\n                  <\/div>\n                <\/div>\n              <\/div>\n            <\/div>\n          <\/div>\n        <\/div>\n      <\/div>\n    <\/div>\n  <\/div>\n<\/div>","protected":false},"excerpt":{"rendered":"<p>Coline Fourment &#8211; chant Coline Fourment a eu tout d\u2019abord une formation musicale [&hellip;]<\/p>\n","protected":false},"author":1,"featured_media":0,"parent":0,"menu_order":0,"comment_status":"closed","ping_status":"closed","template":"page-templates\/full-width-page.php","meta":{"footnotes":""},"class_list":["post-101","page","type-page","status-publish","hentry"],"_links":{"self":[{"href":"https:\/\/mariecarnage.com\/index.php?rest_route=\/wp\/v2\/pages\/101","targetHints":{"allow":["GET"]}}],"collection":[{"href":"https:\/\/mariecarnage.com\/index.php?rest_route=\/wp\/v2\/pages"}],"about":[{"href":"https:\/\/mariecarnage.com\/index.php?rest_route=\/wp\/v2\/types\/page"}],"author":[{"embeddable":true,"href":"https:\/\/mariecarnage.com\/index.php?rest_route=\/wp\/v2\/users\/1"}],"replies":[{"embeddable":true,"href":"https:\/\/mariecarnage.com\/index.php?rest_route=%2Fwp%2Fv2%2Fcomments&post=101"}],"version-history":[{"count":4,"href":"https:\/\/mariecarnage.com\/index.php?rest_route=\/wp\/v2\/pages\/101\/revisions"}],"predecessor-version":[{"id":383,"href":"https:\/\/mariecarnage.com\/index.php?rest_route=\/wp\/v2\/pages\/101\/revisions\/383"}],"wp:attachment":[{"href":"https:\/\/mariecarnage.com\/index.php?rest_route=%2Fwp%2Fv2%2Fmedia&parent=101"}],"curies":[{"name":"wp","href":"https:\/\/api.w.org\/{rel}","templated":true}]}}